{"id":571,"date":"2017-01-31T16:03:01","date_gmt":"2017-01-31T16:03:01","guid":{"rendered":"http:\/\/dummy.xtemos.com\/basel\/vers\/?page_id=571"},"modified":"2023-02-13T21:48:59","modified_gmt":"2023-02-13T21:48:59","slug":"home-parallax","status":"publish","type":"page","link":"https:\/\/makiazomokymai.lt\/","title":{"rendered":"Pradinis"},"content":{"rendered":"<section class=\"wpb-content-wrapper\"><p>[vc_row css=&#8221;.vc_custom_1476645381373{margin-bottom: 0px !important;}&#8221;][vc_column][rev_slider_vc alias=&#8221;home-parallax&#8221;][\/vc_column][\/vc_row][vc_row full_width=&#8221;stretch_row&#8221; el_id=&#8221;apie&#8221; css=&#8221;.vc_custom_1676144644851{background-image: url(https:\/\/makiazomokymai.lt\/wp-content\/uploads\/2023\/02\/pink.jpg?id=1504) !important;background-position: center !important;background-repeat: no-repeat !important;background-size: cover !important;}&#8221;][vc_column][vc_row_inner][vc_column_inner width=&#8221;1\/2&#8243;][vc_custom_heading text=&#8221;K\u0105 gaunate \u012fsigydami:&#8221; font_container=&#8221;tag:p|font_size:22|text_align:left|color:%23f7f7f7&#8243; google_fonts=&#8221;font_family:Dancing%20Script%3Aregular%2C700|font_style:400%20regular%3A400%3Anormal&#8221; css=&#8221;.vc_custom_1676137888757{margin-bottom: 10px !important;}&#8221;][vc_custom_heading text=&#8221;MAKIA\u017dO MOKYMAI &#8211; MAKIA\u017dAS SAU&#8221; font_container=&#8221;tag:h2|font_size:42|text_align:left|color:%23ffffff&#8221; google_fonts=&#8221;font_family:Montserrat%3Aregular%2C700|font_style:700%20bold%20regular%3A700%3Anormal&#8221; css=&#8221;.vc_custom_1676137784452{margin-bottom: 15px !important;}&#8221;][vc_column_text basel_color_scheme=&#8221;light&#8221;]<strong>Kam naudingi \u0161ie makia\u017eo mokymai SAU?<\/strong><br \/>\n\u0160ie makia\u017eo mokymai skirti visoms, merginoms, kurios nori i\u0161mokti greitai ir gra\u017eiai pasida\u017eyti, taip pat tinka ir pradedan\u010diosioms ar norin\u010dioms pagilinti \u017einias.<\/p>\n<p><strong>K\u0105 su\u017einosite makia\u017eo mokym\u0173 kurso metu?<\/strong><\/p>\n<ul>\n<li>Veido paruo\u0161imas prie\u0161 makia\u017e\u0105.<\/li>\n<li>Makia\u017eo baz\u0117s, makia\u017eo pagrindo pasirinkimas bei u\u017ed\u0117jimas.<\/li>\n<li>Veido modeliavimas, atsi\u017evelgiant \u012f veido form\u0105 .<\/li>\n<li>Kaip pasl\u0117pti (maskuoti) paakius.<\/li>\n<li>Antaki\u0173 modeliavimas.<\/li>\n<li>\u0160velnus dienininis makia\u017eas, bei per\u0117jimas \u012f vakarin\u012f makia\u017e\u0105.<\/li>\n<li>\u0160velnus aki\u0173 makia\u017eas, bei ry\u0161kus vakarinis aki\u0173 makia\u017eas.<\/li>\n<li>Stiprus, ilgai i\u0161liekantis veido padengimas, bei maskavimas<\/li>\n<li>\u0160lapias ir sausas veido modeliavimas.<\/li>\n<li>Kaip pasidaryti makia\u017e\u0105 naudojant biud\u017eetines priemones.<\/li>\n<li><span style=\"text-decoration: underline;\"><strong>Viso: 6 tem\u0173 video med\u017eiaga + teorin\u0117 informacija ir priemoni\u0173 ap\u017evalga pateikiama skaidr\u0117se.<\/strong><\/span><\/li>\n<\/ul>\n<p><strong>Kiek laiko trunka makia\u017eo mokymai Sau?<\/strong><br \/>\nMakia\u017eo mokym\u0173 SAU trukm\u0117 2h (6 temos). Bei teorin\u0117 informacija ir priemoni\u0173 ap\u017evalga pateikiama skaidr\u0117se.<\/p>\n<p><strong>Kaip ir kur vyksta makia\u017eo mokymai Sau?<\/strong><br \/>\nMakia\u017eo mokymai SAU nufilmuoti ir paruo\u0161ti i\u0161 anksto. Jie vyksta u\u017edarose Instagram bei Facebook platformose. \u0160i\u0105 med\u017eiag\u0105 mokym\u0173 med\u017eiag\u0105 gal\u0117site matyti pasiekti kada Jums jos reikia!<\/p>\n<p><strong>Kaip \u012fsigyti?<\/strong><br \/>\nSpauskite mygtuk\u0105 &#8220;\u012esigyti mokymus&#8221;, atsiskaityti galite mok\u0117jimo kortele. Atlikus u\u017esakym\u0105, per 24 valandas, J\u016bs\u0173 nurodytu el. pa\u0161tu atsi\u0173sime pilnas instrukcijas ir suteiksime prieig\u0105 prie mokym\u0173. Kilus klausimams kreipkit\u0117s telefonu: +37065828585[\/vc_column_text][vc_btn title=&#8221;\u012eSIGYTI MOKYMUS U\u017d 24,99\u20ac\u200e&#8221; shape=&#8221;square&#8221; color=&#8221;white&#8221; link=&#8221;url:https%3A%2F%2Fbuy.stripe.com%2F9AQdUv2SUedi1iM28a|target:_blank&#8221; el_class=&#8221;weight-bold&#8221;][\/vc_column_inner][vc_column_inner width=&#8221;1\/2&#8243;][vc_single_image image=&#8221;1516&#8243; img_size=&#8221;full&#8221; alignment=&#8221;center&#8221; style=&#8221;vc_box_rounded&#8221;][vc_raw_html]JTNDaWZyYW1lJTIwd2lkdGglM0QlMjIxMDAlMjUlMjIlMjBoZWlnaHQlM0QlMjI3MjBweCUyMiUyMHNyYyUzRCUyMmh0dHBzJTNBJTJGJTJGd3d3LnlvdXR1YmUuY29tJTJGZW1iZWQlMkZHV20ydXhiakRwOCUyMiUyMHRpdGxlJTNEJTIyREVNTyUyMiUyMGZyYW1lYm9yZGVyJTNEJTIyMCUyMiUyMGFsbG93JTNEJTIyYWNjZWxlcm9tZXRlciUzQiUyMGF1dG9wbGF5JTNCJTIwY2xpcGJvYXJkLXdyaXRlJTNCJTIwZW5jcnlwdGVkLW1lZGlhJTNCJTIwZ3lyb3Njb3BlJTNCJTIwcGljdHVyZS1pbi1waWN0dXJlJTNCJTIwd2ViLXNoYXJlJTIyJTIwYWxsb3dmdWxsc2NyZWVuJTNFJTNDJTJGaWZyYW1lJTNF[\/vc_raw_html][\/vc_column_inner][\/vc_row_inner][vc_row_inner][vc_column_inner width=&#8221;1\/2&#8243;][\/vc_column_inner][vc_column_inner width=&#8221;1\/2&#8243;][\/vc_column_inner][\/vc_row_inner][\/vc_column][\/vc_row][vc_row full_width=&#8221;stretch_row&#8221; full_height=&#8221;yes&#8221; basel_parallax=&#8221;1&#8243; css=&#8221;.vc_custom_1675886284197{padding-top: 40px !important;padding-bottom: 40px !important;background: #111111 url(https:\/\/makiazomokymai.lt\/wp-content\/uploads\/2023\/02\/orange.jpg?id=1500) !important;}&#8221; el_id=&#8221;meistre&#8221;][vc_column width=&#8221;1\/2&#8243;][vc_single_image image=&#8221;1511&#8243; img_size=&#8221;full&#8221; alignment=&#8221;center&#8221; style=&#8221;vc_box_rounded&#8221;][\/vc_column][vc_column width=&#8221;1\/2&#8243; css=&#8221;.vc_custom_1476728425389{padding-right: 30px !important;padding-left: 30px !important;}&#8221;][vc_custom_heading text=&#8221;MAKIA\u017dO MOKYM\u0172 MEISTR\u0116&#8221; font_container=&#8221;tag:h2|font_size:40|text_align:left|color:%23ffffff&#8221; google_fonts=&#8221;font_family:Montserrat%3Aregular%2C700|font_style:700%20bold%20regular%3A700%3Anormal&#8221; css=&#8221;.vc_custom_1675888800093{margin-bottom: 15px !important;}&#8221;][vc_column_text basel_color_scheme=&#8221;light&#8221; css=&#8221;.vc_custom_1675885113848{margin-bottom: 25px !important;}&#8221;]<\/p>\n<p style=\"text-align: left; line-height: 1.8; font-size: 15px;\">Esu viza\u017eist\u0117 Gabriel\u0117 Sinickait\u0117, atvirame Lietuvos makia\u017eo \u010dempionate laim\u0117jau 2 ir 3 vietas. Baigiau Kauno kolegijos kosmetologijos studij\u0173 program\u0105, \u012fgijau gro\u017eio terapijos profesinio bakalauro ir technologo kvalifikacij\u0105. Baigiau ICON ACADEMY profesionalius visa\u017eo kursus. \u0160iuo metu dirbu gro\u017eio salone \u201cVI beauty house\u201d. Dirbu su televiziniais projektais, \u017eymiais \u017emon\u0117mis ne tik Lietuvoje bet ir Ispanijoje. Nuolat tobulinu savo \u017einias \u012fvairiuose seminaruose ir mokymuose. Be to, pati organizuoju seminarus merginoms, norin\u010dioms i\u0161mokti makia\u017eo paslap\u010di\u0173 arba norin\u010dioms i\u0161mokti pasida\u017eyti savaranki\u0161kai.<\/p>\n<p>[\/vc_column_text][vc_btn title=&#8221;\u012eSIGYTI MOKYMUS U\u017d 24,99\u20ac\u200e&#8221; shape=&#8221;square&#8221; color=&#8221;white&#8221; link=&#8221;url:https%3A%2F%2Fbuy.stripe.com%2F9AQdUv2SUedi1iM28a|target:_blank&#8221; el_class=&#8221;weight-bold&#8221;][\/vc_column][\/vc_row][vc_row full_width=&#8221;stretch_row&#8221; full_height=&#8221;yes&#8221; basel_parallax=&#8221;1&#8243; css=&#8221;.vc_custom_1675886296043{margin-bottom: -40px !important;padding-top: 40px !important;padding-bottom: 40px !important;background-color: #000000 !important;}&#8221; el_id=&#8221;kontaktai&#8221;][vc_column width=&#8221;1\/2&#8243; css=&#8221;.vc_custom_1476731152124{padding-right: 30px !important;padding-left: 30px !important;}&#8221;][vc_custom_heading text=&#8221;K\u0105 sako m\u016bs\u0173 klientai&#8221; font_container=&#8221;tag:p|font_size:22|text_align:center|color:%23f7f7f7&#8243; google_fonts=&#8221;font_family:Dancing%20Script%3Aregular%2C700|font_style:400%20regular%3A400%3Anormal&#8221; css=&#8221;.vc_custom_1676055794517{margin-bottom: 10px !important;}&#8221;][vc_custom_heading text=&#8221;KLIENT\u0172 ATSILIEPIMAI&#8221; font_container=&#8221;tag:h2|font_size:42|text_align:center|color:%23ffffff&#8221; google_fonts=&#8221;font_family:Montserrat%3Aregular%2C700|font_style:700%20bold%20regular%3A700%3Anormal&#8221; css=&#8221;.vc_custom_1675888947541{margin-bottom: 15px !important;}&#8221;]\t\t\t<div id=\"carousel-2917\" class=\"testimonials-wrapper\" data-owl-carousel data-desktop=\"1\" data-desktop_small=\"1\" data-tablet=\"1\" data-mobile=\"1\">\n\t\t\t\t\t\t\t\t<div class=\"testimonials testimonials-slider testimon-style-standard testimon-columns-3 testimon-align-center owl-carousel \" >\n\t\t\t\t\t\n\t\t\t<div class=\"testimonial \" >\n\t\t\t\t<div class=\"testimonial-inner\">\n\t\t\t\t\t\t\t\t\t\t<div class=\"testimonial-content\">\n\t\t\t\t\t\t<div class=\"testimonial-rating\">\n\t\t\t\t\t\t\t<span class=\"star-rating\">\n\t\t\t\t\t\t\t\t<span style=\"width:100%\"><\/span>\n\t\t\t\t\t\t\t<\/span>\n\t\t\t\t\t\t<\/div>\n\t\t\t\t\t\tPuiki meistr\u0117. Likau labai patenkinta rezultatu! Rekomenduoju 100%\t\t\t\t\t\t<footer>\n\t\t\t\t\t\t\tGiedr\u0117 Poci\u016bt\u0117\t\t\t\t\t\t\t<span>Facebook.com<\/span>\n\t\t\t\t\t\t<\/footer>\n\t\t\t\t\t<\/div>\n\t\t\t\t<\/div>\n\t\t\t<\/div>\n\n\t\t\n\t\t\t<div class=\"testimonial \" >\n\t\t\t\t<div class=\"testimonial-inner\">\n\t\t\t\t\t\t\t\t\t\t<div class=\"testimonial-content\">\n\t\t\t\t\t\t<div class=\"testimonial-rating\">\n\t\t\t\t\t\t\t<span class=\"star-rating\">\n\t\t\t\t\t\t\t\t<span style=\"width:100%\"><\/span>\n\t\t\t\t\t\t\t<\/span>\n\t\t\t\t\t\t<\/div>\n\t\t\t\t\t\tSuper meistr\u0117! Kruop\u0161ti, profesionali, tik auk\u0161\u010diausias \u012fvertinimas.\t\t\t\t\t\t<footer>\n\t\t\t\t\t\t\tTa Pati\t\t\t\t\t\t\t<span>Facebook.com<\/span>\n\t\t\t\t\t\t<\/footer>\n\t\t\t\t\t<\/div>\n\t\t\t\t<\/div>\n\t\t\t<\/div>\n\n\t\t\n\t\t\t<div class=\"testimonial \" >\n\t\t\t\t<div class=\"testimonial-inner\">\n\t\t\t\t\t\t\t\t\t\t<div class=\"testimonial-content\">\n\t\t\t\t\t\t<div class=\"testimonial-rating\">\n\t\t\t\t\t\t\t<span class=\"star-rating\">\n\t\t\t\t\t\t\t\t<span style=\"width:100%\"><\/span>\n\t\t\t\t\t\t\t<\/span>\n\t\t\t\t\t\t<\/div>\n\t\t\t\t\t\tPuikiai ir kokybi\u0161kai atliktas makia\u017eas. likau labai patenkinta, i\u0161silaik\u0117 vis\u0105 dien\u0105 ir vakar\u0105. Didelis a\u010di\u016b! tik did\u017eiausios ir geriausios rekomendacijos\t\t\t\t\t\t<footer>\n\t\t\t\t\t\t\tKamil\u0117 Rukui\u017e\u0117\t\t\t\t\t\t\t<span>Facebook.com<\/span>\n\t\t\t\t\t\t<\/footer>\n\t\t\t\t\t<\/div>\n\t\t\t\t<\/div>\n\t\t\t<\/div>\n\n\t\t\t\t\t\t<\/div>\n\t\t\t<\/div>\n\t\t[\/vc_column][vc_column width=&#8221;1\/2&#8243;][vc_custom_heading text=&#8221;Turite klausim\u0173 apie makia\u017eo mokymus?&#8221; font_container=&#8221;tag:p|font_size:22|text_align:center|color:%23f7f7f7&#8243; google_fonts=&#8221;font_family:Dancing%20Script%3Aregular%2C700|font_style:400%20regular%3A400%3Anormal&#8221; css=&#8221;.vc_custom_1676145122467{margin-bottom: 10px !important;}&#8221;][vc_custom_heading text=&#8221;KLAUSKITE &#8211; ATSAKYSIME!&#8221; font_container=&#8221;tag:h2|font_size:42|text_align:center|color:%23ffffff&#8221; google_fonts=&#8221;font_family:Montserrat%3Aregular%2C700|font_style:700%20bold%20regular%3A700%3Anormal&#8221; css=&#8221;.vc_custom_1675888928232{margin-bottom: 15px !important;}&#8221;][vc_btn title=&#8221;8 658 28585&#8243; align=&#8221;center&#8221; i_icon_fontawesome=&#8221;fas fa-phone-volume&#8221; button_block=&#8221;true&#8221; add_icon=&#8221;true&#8221; link=&#8221;url:tel%3A%2B37065828585&#8243;][vc_btn title=&#8221;Facebook&#8221; align=&#8221;center&#8221; i_icon_fontawesome=&#8221;fab fa-facebook&#8221; button_block=&#8221;true&#8221; add_icon=&#8221;true&#8221; link=&#8221;url:https%3A%2F%2Fwww.facebook.com%2Fgabrielesinickaitegs%2F|target:_blank&#8221;][\/vc_column][\/vc_row]<\/p>\n<\/section>","protected":false},"excerpt":{"rendered":"<p>[vc_row css=&#8221;.vc_custom_1476645381373{margin-bottom: 0px !important;}&#8221;][vc_column][rev_slider_vc alias=&#8221;home-parallax&#8221;][\/vc_column][\/vc_row][vc_row full_width=&#8221;stretch_row&#8221; el_id=&#8221;apie&#8221; css=&#8221;.vc_custom_1676144644851{background-image: url(https:\/\/makiazomokymai.lt\/wp-content\/uploads\/2023\/02\/pink.jpg?id=1504) !important;background-position: center !important;background-repeat: no-repeat !important;background-size: cover !important;}&#8221;][vc_column][vc_row_inner][vc_column_inner width=&#8221;1\/2&#8243;][vc_custom_heading text=&#8221;K\u0105 gaunate \u012fsigydami:&#8221;<\/p>\n","protected":false},"author":1,"featured_media":0,"parent":0,"menu_order":0,"comment_status":"closed","ping_status":"closed","template":"","meta":{"footnotes":""},"class_list":["post-571","page","type-page","status-publish","hentry"],"yoast_head":"<!-- This site is optimized with the Yoast SEO plugin v20.1 - https:\/\/yoast.com\/wordpress\/plugins\/seo\/ -->\n<title>MAKIA\u017dO MOKYMAI: 24,99 \u20ac\u200e<\/title>\n<meta name=\"description\" content=\"Mokymai su 8 m. patirt\u012f turinti viza\u017eo meistre. 2h trukm\u0117s (6 tem\u0173) makia\u017eo mokymai + teorin\u0117 informacija ir priemoni\u0173 ap\u017evalga skaidr\u0117se.\" \/>\n<meta name=\"robots\" content=\"index, follow, max-snippet:-1, max-image-preview:large, max-video-preview:-1\" \/>\n<link rel=\"canonical\" href=\"https:\/\/makiazomokymai.lt\/\" \/>\n<meta property=\"og:locale\" content=\"en_US\" \/>\n<meta property=\"og:type\" content=\"article\" \/>\n<meta property=\"og:title\" content=\"MAKIA\u017dO MOKYMAI: 24,99 \u20ac\u200e\" \/>\n<meta property=\"og:description\" content=\"Mokymai su 8 m. patirt\u012f turinti viza\u017eo meistre. 2h trukm\u0117s (6 tem\u0173) makia\u017eo mokymai + teorin\u0117 informacija ir priemoni\u0173 ap\u017evalga skaidr\u0117se.\" \/>\n<meta property=\"og:url\" content=\"https:\/\/makiazomokymai.lt\/\" \/>\n<meta property=\"og:site_name\" content=\"MAKIA\u017dO MOKYMAI\" \/>\n<meta property=\"article:publisher\" content=\"https:\/\/www.facebook.com\/gabrielesinickaitegs\/\" \/>\n<meta property=\"article:modified_time\" content=\"2023-02-13T21:48:59+00:00\" \/>\n<meta property=\"og:image\" content=\"https:\/\/makiazomokymai.lt\/wp-content\/uploads\/2023\/02\/web-copy.jpg\" \/>\n\t<meta property=\"og:image:width\" content=\"965\" \/>\n\t<meta property=\"og:image:height\" content=\"649\" \/>\n\t<meta property=\"og:image:type\" content=\"image\/jpeg\" \/>\n<meta name=\"twitter:card\" content=\"summary_large_image\" \/>\n<meta name=\"twitter:label1\" content=\"Est. reading time\" \/>\n\t<meta name=\"twitter:data1\" content=\"3 minutes\" \/>\n<script type=\"application\/ld+json\" class=\"yoast-schema-graph\">{\"@context\":\"https:\/\/schema.org\",\"@graph\":[{\"@type\":\"WebPage\",\"@id\":\"https:\/\/makiazomokymai.lt\/\",\"url\":\"https:\/\/makiazomokymai.lt\/\",\"name\":\"MAKIA\u017dO MOKYMAI: 24,99 \u20ac\u200e\",\"isPartOf\":{\"@id\":\"https:\/\/makiazomokymai.lt\/#website\"},\"datePublished\":\"2017-01-31T16:03:01+00:00\",\"dateModified\":\"2023-02-13T21:48:59+00:00\",\"description\":\"Mokymai su 8 m. patirt\u012f turinti viza\u017eo meistre. 2h trukm\u0117s (6 tem\u0173) makia\u017eo mokymai + teorin\u0117 informacija ir priemoni\u0173 ap\u017evalga skaidr\u0117se.\",\"breadcrumb\":{\"@id\":\"https:\/\/makiazomokymai.lt\/#breadcrumb\"},\"inLanguage\":\"en-US\",\"potentialAction\":[{\"@type\":\"ReadAction\",\"target\":[\"https:\/\/makiazomokymai.lt\/\"]}]},{\"@type\":\"BreadcrumbList\",\"@id\":\"https:\/\/makiazomokymai.lt\/#breadcrumb\",\"itemListElement\":[{\"@type\":\"ListItem\",\"position\":1,\"name\":\"Home\",\"item\":\"https:\/\/makiazomokymai.lt\/\"},{\"@type\":\"ListItem\",\"position\":2,\"name\":\"Pradinis\"}]},{\"@type\":\"WebSite\",\"@id\":\"https:\/\/makiazomokymai.lt\/#website\",\"url\":\"https:\/\/makiazomokymai.lt\/\",\"name\":\"MAKIA\u017dO MOKYMAI\",\"description\":\"Profesional\u016bs online mokymai: 24,99 \u20ac\u200e\",\"publisher\":{\"@id\":\"https:\/\/makiazomokymai.lt\/#organization\"},\"potentialAction\":[{\"@type\":\"SearchAction\",\"target\":{\"@type\":\"EntryPoint\",\"urlTemplate\":\"https:\/\/makiazomokymai.lt\/?s={search_term_string}\"},\"query-input\":\"required name=search_term_string\"}],\"inLanguage\":\"en-US\"},{\"@type\":\"Organization\",\"@id\":\"https:\/\/makiazomokymai.lt\/#organization\",\"name\":\"MAKIA\u017dO MOKYMAI\",\"url\":\"https:\/\/makiazomokymai.lt\/\",\"logo\":{\"@type\":\"ImageObject\",\"inLanguage\":\"en-US\",\"@id\":\"https:\/\/makiazomokymai.lt\/#\/schema\/logo\/image\/\",\"url\":\"https:\/\/makiazomokymai.lt\/wp-content\/uploads\/2023\/02\/logo.png\",\"contentUrl\":\"https:\/\/makiazomokymai.lt\/wp-content\/uploads\/2023\/02\/logo.png\",\"width\":567,\"height\":189,\"caption\":\"MAKIA\u017dO MOKYMAI\"},\"image\":{\"@id\":\"https:\/\/makiazomokymai.lt\/#\/schema\/logo\/image\/\"},\"sameAs\":[\"https:\/\/www.facebook.com\/gabrielesinickaitegs\/\"]}]}<\/script>\n<!-- \/ Yoast SEO plugin. -->","yoast_head_json":{"title":"MAKIA\u017dO MOKYMAI: 24,99 \u20ac\u200e","description":"Mokymai su 8 m. patirt\u012f turinti viza\u017eo meistre. 2h trukm\u0117s (6 tem\u0173) makia\u017eo mokymai + teorin\u0117 informacija ir priemoni\u0173 ap\u017evalga skaidr\u0117se.","robots":{"index":"index","follow":"follow","max-snippet":"max-snippet:-1","max-image-preview":"max-image-preview:large","max-video-preview":"max-video-preview:-1"},"canonical":"https:\/\/makiazomokymai.lt\/","og_locale":"en_US","og_type":"article","og_title":"MAKIA\u017dO MOKYMAI: 24,99 \u20ac\u200e","og_description":"Mokymai su 8 m. patirt\u012f turinti viza\u017eo meistre. 2h trukm\u0117s (6 tem\u0173) makia\u017eo mokymai + teorin\u0117 informacija ir priemoni\u0173 ap\u017evalga skaidr\u0117se.","og_url":"https:\/\/makiazomokymai.lt\/","og_site_name":"MAKIA\u017dO MOKYMAI","article_publisher":"https:\/\/www.facebook.com\/gabrielesinickaitegs\/","article_modified_time":"2023-02-13T21:48:59+00:00","og_image":[{"width":965,"height":649,"url":"https:\/\/makiazomokymai.lt\/wp-content\/uploads\/2023\/02\/web-copy.jpg","type":"image\/jpeg"}],"twitter_card":"summary_large_image","twitter_misc":{"Est. reading time":"3 minutes"},"schema":{"@context":"https:\/\/schema.org","@graph":[{"@type":"WebPage","@id":"https:\/\/makiazomokymai.lt\/","url":"https:\/\/makiazomokymai.lt\/","name":"MAKIA\u017dO MOKYMAI: 24,99 \u20ac\u200e","isPartOf":{"@id":"https:\/\/makiazomokymai.lt\/#website"},"datePublished":"2017-01-31T16:03:01+00:00","dateModified":"2023-02-13T21:48:59+00:00","description":"Mokymai su 8 m. patirt\u012f turinti viza\u017eo meistre. 2h trukm\u0117s (6 tem\u0173) makia\u017eo mokymai + teorin\u0117 informacija ir priemoni\u0173 ap\u017evalga skaidr\u0117se.","breadcrumb":{"@id":"https:\/\/makiazomokymai.lt\/#breadcrumb"},"inLanguage":"en-US","potentialAction":[{"@type":"ReadAction","target":["https:\/\/makiazomokymai.lt\/"]}]},{"@type":"BreadcrumbList","@id":"https:\/\/makiazomokymai.lt\/#breadcrumb","itemListElement":[{"@type":"ListItem","position":1,"name":"Home","item":"https:\/\/makiazomokymai.lt\/"},{"@type":"ListItem","position":2,"name":"Pradinis"}]},{"@type":"WebSite","@id":"https:\/\/makiazomokymai.lt\/#website","url":"https:\/\/makiazomokymai.lt\/","name":"MAKIA\u017dO MOKYMAI","description":"Profesional\u016bs online mokymai: 24,99 \u20ac\u200e","publisher":{"@id":"https:\/\/makiazomokymai.lt\/#organization"},"potentialAction":[{"@type":"SearchAction","target":{"@type":"EntryPoint","urlTemplate":"https:\/\/makiazomokymai.lt\/?s={search_term_string}"},"query-input":"required name=search_term_string"}],"inLanguage":"en-US"},{"@type":"Organization","@id":"https:\/\/makiazomokymai.lt\/#organization","name":"MAKIA\u017dO MOKYMAI","url":"https:\/\/makiazomokymai.lt\/","logo":{"@type":"ImageObject","inLanguage":"en-US","@id":"https:\/\/makiazomokymai.lt\/#\/schema\/logo\/image\/","url":"https:\/\/makiazomokymai.lt\/wp-content\/uploads\/2023\/02\/logo.png","contentUrl":"https:\/\/makiazomokymai.lt\/wp-content\/uploads\/2023\/02\/logo.png","width":567,"height":189,"caption":"MAKIA\u017dO MOKYMAI"},"image":{"@id":"https:\/\/makiazomokymai.lt\/#\/schema\/logo\/image\/"},"sameAs":["https:\/\/www.facebook.com\/gabrielesinickaitegs\/"]}]}},"_links":{"self":[{"href":"https:\/\/makiazomokymai.lt\/index.php?rest_route=\/wp\/v2\/pages\/571","targetHints":{"allow":["GET"]}}],"collection":[{"href":"https:\/\/makiazomokymai.lt\/index.php?rest_route=\/wp\/v2\/pages"}],"about":[{"href":"https:\/\/makiazomokymai.lt\/index.php?rest_route=\/wp\/v2\/types\/page"}],"author":[{"embeddable":true,"href":"https:\/\/makiazomokymai.lt\/index.php?rest_route=\/wp\/v2\/users\/1"}],"replies":[{"embeddable":true,"href":"https:\/\/makiazomokymai.lt\/index.php?rest_route=%2Fwp%2Fv2%2Fcomments&post=571"}],"version-history":[{"count":50,"href":"https:\/\/makiazomokymai.lt\/index.php?rest_route=\/wp\/v2\/pages\/571\/revisions"}],"predecessor-version":[{"id":1572,"href":"https:\/\/makiazomokymai.lt\/index.php?rest_route=\/wp\/v2\/pages\/571\/revisions\/1572"}],"wp:attachment":[{"href":"https:\/\/makiazomokymai.lt\/index.php?rest_route=%2Fwp%2Fv2%2Fmedia&parent=571"}],"curies":[{"name":"wp","href":"https:\/\/api.w.org\/{rel}","templated":true}]}}